{"id":500,"date":"2024-08-24T21:36:47","date_gmt":"2024-08-24T20:36:47","guid":{"rendered":"https:\/\/pandekager.eu\/?page_id=500"},"modified":"2024-09-13T19:25:38","modified_gmt":"2024-09-13T18:25:38","slug":"salg-af-stumper","status":"publish","type":"page","link":"https:\/\/pandekager.eu\/index.php\/salg-af-stumper\/","title":{"rendered":"Salg af stumper"},"content":{"rendered":"\n<p>Det h\u00e6nder at vi udfaser ting og sager, eller kommer til at lave fejlk\u00f8b..<br>hvis du falder over noget du bare m\u00e5 eje s\u00e5 t\u00f8v ikke med at tage fat p\u00e5 os.<br>fotos og beskrivelser kommer l\u00f8bende efterh\u00e5nden som vi f\u00e5r det sat til salg&#8230;<\/p>\n","protected":false},"excerpt":{"rendered":"<p>Det h\u00e6nder at vi udfaser ting og sager, eller kommer til at lave fejlk\u00f8b..hvis du falder over noget du bare m\u00e5 eje s\u00e5 t\u00f8v ikke med at tage fat p\u00e5 os.fotos og beskrivelser kommer l\u00f8bende efterh\u00e5nden som vi f\u00e5r det sat til salg&#8230;<\/p>\n","protected":false},"author":1,"featured_media":0,"parent":0,"menu_order":0,"comment_status":"closed","ping_status":"closed","template":"","meta":{"footnotes":""},"jetpack_sharing_enabled":true,"_links":{"self":[{"href":"https:\/\/pandekager.eu\/index.php\/wp-json\/wp\/v2\/pages\/500"}],"collection":[{"href":"https:\/\/pandekager.eu\/index.php\/wp-json\/wp\/v2\/pages"}],"about":[{"href":"https:\/\/pandekager.eu\/index.php\/wp-json\/wp\/v2\/types\/page"}],"author":[{"embeddable":true,"href":"https:\/\/pandekager.eu\/index.php\/wp-json\/wp\/v2\/users\/1"}],"replies":[{"embeddable":true,"href":"https:\/\/pandekager.eu\/index.php\/wp-json\/wp\/v2\/comments?post=500"}],"version-history":[{"count":2,"href":"https:\/\/pandekager.eu\/index.php\/wp-json\/wp\/v2\/pages\/500\/revisions"}],"predecessor-version":[{"id":743,"href":"https:\/\/pandekager.eu\/index.php\/wp-json\/wp\/v2\/pages\/500\/revisions\/743"}],"wp:attachment":[{"href":"https:\/\/pandekager.eu\/index.php\/wp-json\/wp\/v2\/media?parent=500"}],"curies":[{"name":"wp","href":"https:\/\/api.w.org\/{rel}","templated":true}]}}