{"id":491,"date":"2024-08-24T21:29:21","date_gmt":"2024-08-24T20:29:21","guid":{"rendered":"https:\/\/pandekager.eu\/?page_id=491"},"modified":"2024-09-13T18:47:12","modified_gmt":"2024-09-13T17:47:12","slug":"ansigtsmaling","status":"publish","type":"page","link":"https:\/\/pandekager.eu\/index.php\/ansigtsmaling\/","title":{"rendered":"Ansigtsmaling"},"content":{"rendered":"\n<p>Vi er nogle f\u00e5 i gruppen der g\u00f8r det i prim\u00e6rt i ansigtsmaling men vi kan ogs\u00e5 lave special effekts med diverse skader. Vi er altid klar p\u00e5 en udfordring, Vi er at finde p\u00e5 K\u00f8benhavns Historiske Marked hvert \u00e5r i Pinsen i Pandekageboden. vi kommer ogs\u00e5 gerne ud hvis vi kan f\u00e5 det til at h\u00e6nge sammen med andre opgaver. Kontakt os, hvis vi skal komme til dit arrengement. <br><\/p>\n\n\n\n<p>Billeder kommer med Vikinge tema, Middelalder \/ Katolsk tema, Fantasy, Dyr, Andet og Special effekts.<\/p>\n","protected":false},"excerpt":{"rendered":"<p>Vi er nogle f\u00e5 i gruppen der g\u00f8r det i prim\u00e6rt i ansigtsmaling men vi kan ogs\u00e5 lave special effekts med diverse skader. Vi er altid klar p\u00e5 en udfordring, Vi er at finde p\u00e5 K\u00f8benhavns Historiske Marked hvert \u00e5r i Pinsen i Pandekageboden. vi kommer ogs\u00e5 gerne ud hvis vi kan f\u00e5 det til&hellip;<\/p>\n","protected":false},"author":1,"featured_media":0,"parent":0,"menu_order":0,"comment_status":"closed","ping_status":"closed","template":"","meta":{"footnotes":""},"jetpack_sharing_enabled":true,"_links":{"self":[{"href":"https:\/\/pandekager.eu\/index.php\/wp-json\/wp\/v2\/pages\/491"}],"collection":[{"href":"https:\/\/pandekager.eu\/index.php\/wp-json\/wp\/v2\/pages"}],"about":[{"href":"https:\/\/pandekager.eu\/index.php\/wp-json\/wp\/v2\/types\/page"}],"author":[{"embeddable":true,"href":"https:\/\/pandekager.eu\/index.php\/wp-json\/wp\/v2\/users\/1"}],"replies":[{"embeddable":true,"href":"https:\/\/pandekager.eu\/index.php\/wp-json\/wp\/v2\/comments?post=491"}],"version-history":[{"count":2,"href":"https:\/\/pandekager.eu\/index.php\/wp-json\/wp\/v2\/pages\/491\/revisions"}],"predecessor-version":[{"id":735,"href":"https:\/\/pandekager.eu\/index.php\/wp-json\/wp\/v2\/pages\/491\/revisions\/735"}],"wp:attachment":[{"href":"https:\/\/pandekager.eu\/index.php\/wp-json\/wp\/v2\/media?parent=491"}],"curies":[{"name":"wp","href":"https:\/\/api.w.org\/{rel}","templated":true}]}}