{"id":485,"date":"2024-08-24T21:24:16","date_gmt":"2024-08-24T20:24:16","guid":{"rendered":"https:\/\/pandekager.eu\/?page_id=485"},"modified":"2024-09-14T18:30:14","modified_gmt":"2024-09-14T17:30:14","slug":"tempelridderne","status":"publish","type":"page","link":"https:\/\/pandekager.eu\/index.php\/tempelridderne\/","title":{"rendered":"Tempelridderne"},"content":{"rendered":"\n<p>Vi er pt en meget lille gruppe der n\u00f8rder Tempelridderne s\u00e5 historisk korrekt som muligt, vi pr\u00f8ver at sk\u00e6re gennem de meget tykke t\u00e5ger af myter og finde frem til og formidle hvem Tempelridderne s\u00e5 historisk korrekt som muligt, inden for emnerne Krig, Religion, Fanatisme og Bankv\u00e6sen.<\/p>\n\n\n\n<p>Vi er ved at forberede at kunne sl\u00e5 m\u00f8nter med g\u00e6sterne s\u00e5 vi har noget mere at snakke udfra s\u00e5 det ikke kun er rustninger, v\u00e5ben og d\u00f8d og \u00f8del\u00e6ggelse.<\/p>\n\n\n\n<p><\/p>\n\n\n\n<figure class=\"wp-block-gallery has-nested-images columns-default is-cropped wp-block-gallery-1 is-layout-flex wp-block-gallery-is-layout-flex\">\n<figure class=\"wp-block-image size-large\"><img fetchpriority=\"high\" decoding=\"async\" width=\"1024\" height=\"768\" data-id=\"822\" src=\"https:\/\/pandekager.eu\/wp-content\/uploads\/2024\/09\/IMG_20230725_002411_430-1024x768.jpg\" alt=\"\" class=\"wp-image-822\" srcset=\"https:\/\/pandekager.eu\/wp-content\/uploads\/2024\/09\/IMG_20230725_002411_430-1024x768.jpg 1024w, https:\/\/pandekager.eu\/wp-content\/uploads\/2024\/09\/IMG_20230725_002411_430-300x225.jpg 300w, https:\/\/pandekager.eu\/wp-content\/uploads\/2024\/09\/IMG_20230725_002411_430-768x576.jpg 768w, https:\/\/pandekager.eu\/wp-content\/uploads\/2024\/09\/IMG_20230725_002411_430-1536x1152.jpg 1536w, https:\/\/pandekager.eu\/wp-content\/uploads\/2024\/09\/IMG_20230725_002411_430-2048x1536.jpg 2048w\" sizes=\"(max-width: 1024px) 100vw, 1024px\" \/><\/figure>\n\n\n\n<figure class=\"wp-block-image size-large\"><img decoding=\"async\" width=\"1024\" height=\"768\" data-id=\"823\" src=\"https:\/\/pandekager.eu\/wp-content\/uploads\/2024\/09\/IMG_20230725_002423_918-1024x768.jpg\" alt=\"\" class=\"wp-image-823\" srcset=\"https:\/\/pandekager.eu\/wp-content\/uploads\/2024\/09\/IMG_20230725_002423_918-1024x768.jpg 1024w, https:\/\/pandekager.eu\/wp-content\/uploads\/2024\/09\/IMG_20230725_002423_918-300x225.jpg 300w, https:\/\/pandekager.eu\/wp-content\/uploads\/2024\/09\/IMG_20230725_002423_918-768x576.jpg 768w, https:\/\/pandekager.eu\/wp-content\/uploads\/2024\/09\/IMG_20230725_002423_918-1536x1152.jpg 1536w, https:\/\/pandekager.eu\/wp-content\/uploads\/2024\/09\/IMG_20230725_002423_918-2048x1536.jpg 2048w\" sizes=\"(max-width: 1024px) 100vw, 1024px\" \/><\/figure>\n\n\n\n<figure class=\"wp-block-image size-large\"><img decoding=\"async\" width=\"1024\" height=\"768\" data-id=\"821\" src=\"https:\/\/pandekager.eu\/wp-content\/uploads\/2024\/09\/IMG_20230725_002441_498-1024x768.jpg\" alt=\"\" class=\"wp-image-821\" srcset=\"https:\/\/pandekager.eu\/wp-content\/uploads\/2024\/09\/IMG_20230725_002441_498-1024x768.jpg 1024w, https:\/\/pandekager.eu\/wp-content\/uploads\/2024\/09\/IMG_20230725_002441_498-300x225.jpg 300w, https:\/\/pandekager.eu\/wp-content\/uploads\/2024\/09\/IMG_20230725_002441_498-768x576.jpg 768w, https:\/\/pandekager.eu\/wp-content\/uploads\/2024\/09\/IMG_20230725_002441_498-1536x1152.jpg 1536w, https:\/\/pandekager.eu\/wp-content\/uploads\/2024\/09\/IMG_20230725_002441_498-2048x1536.jpg 2048w\" sizes=\"(max-width: 1024px) 100vw, 1024px\" \/><\/figure>\n\n\n\n<figure class=\"wp-block-image size-large\"><img loading=\"lazy\" decoding=\"async\" width=\"724\" height=\"720\" data-id=\"820\" src=\"https:\/\/pandekager.eu\/wp-content\/uploads\/2024\/09\/korsridder-001.jpg\" alt=\"\" class=\"wp-image-820\" srcset=\"https:\/\/pandekager.eu\/wp-content\/uploads\/2024\/09\/korsridder-001.jpg 724w, https:\/\/pandekager.eu\/wp-content\/uploads\/2024\/09\/korsridder-001-300x298.jpg 300w, https:\/\/pandekager.eu\/wp-content\/uploads\/2024\/09\/korsridder-001-150x150.jpg 150w\" sizes=\"(max-width: 724px) 100vw, 724px\" \/><\/figure>\n<\/figure>\n","protected":false},"excerpt":{"rendered":"<p>Vi er pt en meget lille gruppe der n\u00f8rder Tempelridderne s\u00e5 historisk korrekt som muligt, vi pr\u00f8ver at sk\u00e6re gennem de meget tykke t\u00e5ger af myter og finde frem til og formidle hvem Tempelridderne s\u00e5 historisk korrekt som muligt, inden for emnerne Krig, Religion, Fanatisme og Bankv\u00e6sen. Vi er ved at forberede at kunne sl\u00e5&hellip;<\/p>\n","protected":false},"author":1,"featured_media":0,"parent":0,"menu_order":0,"comment_status":"closed","ping_status":"closed","template":"","meta":{"footnotes":""},"jetpack_sharing_enabled":true,"_links":{"self":[{"href":"https:\/\/pandekager.eu\/index.php\/wp-json\/wp\/v2\/pages\/485"}],"collection":[{"href":"https:\/\/pandekager.eu\/index.php\/wp-json\/wp\/v2\/pages"}],"about":[{"href":"https:\/\/pandekager.eu\/index.php\/wp-json\/wp\/v2\/types\/page"}],"author":[{"embeddable":true,"href":"https:\/\/pandekager.eu\/index.php\/wp-json\/wp\/v2\/users\/1"}],"replies":[{"embeddable":true,"href":"https:\/\/pandekager.eu\/index.php\/wp-json\/wp\/v2\/comments?post=485"}],"version-history":[{"count":4,"href":"https:\/\/pandekager.eu\/index.php\/wp-json\/wp\/v2\/pages\/485\/revisions"}],"predecessor-version":[{"id":824,"href":"https:\/\/pandekager.eu\/index.php\/wp-json\/wp\/v2\/pages\/485\/revisions\/824"}],"wp:attachment":[{"href":"https:\/\/pandekager.eu\/index.php\/wp-json\/wp\/v2\/media?parent=485"}],"curies":[{"name":"wp","href":"https:\/\/api.w.org\/{rel}","templated":true}]}}